{"id":1652,"date":"2026-04-03T21:31:33","date_gmt":"2026-04-03T21:31:33","guid":{"rendered":"https:\/\/ramairt.com\/?page_id=1652"},"modified":"2026-04-05T15:37:57","modified_gmt":"2026-04-05T15:37:57","slug":"inspeccion1","status":"publish","type":"page","link":"https:\/\/ramairt.com\/en\/inspeccion1\/","title":{"rendered":"INSPECCION1"},"content":{"rendered":"\t\t<div data-elementor-type=\"wp-page\" data-elementor-id=\"1652\" class=\"elementor elementor-1652\" data-elementor-post-type=\"page\">\n\t\t\t\t<div class=\"has_eae_slider elementor-element elementor-element-a125d97 animated-slow e-flex e-con-boxed elementor-invisible e-con e-parent\" data-eae-slider=\"8141\" data-id=\"a125d97\" data-element_type=\"container\" data-e-type=\"container\" data-settings=\"{&quot;background_background&quot;:&quot;slideshow&quot;,&quot;animation&quot;:&quot;fadeIn&quot;,&quot;background_slideshow_gallery&quot;:[{&quot;id&quot;:1815,&quot;url&quot;:&quot;http:\\\/\\\/ramairt.com\\\/wp-content\\\/uploads\\\/2026\\\/04\\\/INSPECCIONES.jpg&quot;}],&quot;background_slideshow_loop&quot;:&quot;yes&quot;,&quot;background_slideshow_slide_duration&quot;:5000,&quot;background_slideshow_slide_transition&quot;:&quot;fade&quot;,&quot;background_slideshow_transition_duration&quot;:500}\">\n\t\t\t\t\t<div class=\"e-con-inner\">\n\t\t<div class=\"has_eae_slider elementor-element elementor-element-b566fd8 e-flex e-con-boxed e-con e-child\" data-eae-slider=\"26752\" data-id=\"b566fd8\" data-element_type=\"container\" data-e-type=\"container\">\n\t\t\t\t\t<div class=\"e-con-inner\">\n\t\t<div class=\"has_eae_slider elementor-element elementor-element-1f11e0c e-con-full e-flex e-con e-child\" data-eae-slider=\"33207\" data-id=\"1f11e0c\" data-element_type=\"container\" data-e-type=\"container\">\n\t\t\t\t<div class=\"elementor-element elementor-element-c7a05f7 animated-slow elementor-widget-mobile__width-initial elementor-invisible elementor-widget elementor-widget-heading\" data-id=\"c7a05f7\" data-element_type=\"widget\" data-e-type=\"widget\" data-settings=\"{&quot;_animation&quot;:&quot;fadeInRight&quot;,&quot;_animation_delay&quot;:200}\" data-widget_type=\"heading.default\">\n\t\t\t\t<div class=\"elementor-widget-container\">\n\t\t\t\t\t<h2 class=\"elementor-heading-title elementor-size-default\">INSPECCI\u00d3N<\/h2>\t\t\t\t<\/div>\n\t\t\t\t<\/div>\n\t\t\t\t<div class=\"elementor-element elementor-element-038a603 animated-slow elementor-widget-mobile__width-initial elementor-invisible elementor-widget elementor-widget-heading\" data-id=\"038a603\" data-element_type=\"widget\" data-e-type=\"widget\" data-settings=\"{&quot;_animation&quot;:&quot;fadeInRight&quot;,&quot;_animation_delay&quot;:900}\" data-widget_type=\"heading.default\">\n\t\t\t\t<div class=\"elementor-widget-container\">\n\t\t\t\t\t<h2 class=\"elementor-heading-title elementor-size-default\">Aeronaves Militares y Comerciales<\/h2>\t\t\t\t<\/div>\n\t\t\t\t<\/div>\n\t\t\t\t<\/div>\n\t\t\t\t\t<\/div>\n\t\t\t\t<\/div>\n\t\t\t\t\t<\/div>\n\t\t\t\t<\/div>\n\t\t<div class=\"has_eae_slider elementor-element elementor-element-e6bfa9d e-flex e-con-boxed e-con e-parent\" data-eae-slider=\"63431\" data-id=\"e6bfa9d\" data-element_type=\"container\" data-e-type=\"container\" data-settings=\"{&quot;background_background&quot;:&quot;classic&quot;}\">\n\t\t\t\t\t<div class=\"e-con-inner\">\n\t\t<div class=\"has_eae_slider elementor-element elementor-element-52da722 e-con-full e-flex e-con e-child\" data-eae-slider=\"7291\" data-id=\"52da722\" data-element_type=\"container\" data-e-type=\"container\" data-settings=\"{&quot;position&quot;:&quot;fixed&quot;}\">\n\t\t<div class=\"has_eae_slider elementor-element elementor-element-be7cff8 e-con-full e-flex e-con e-child\" data-eae-slider=\"94831\" data-id=\"be7cff8\" data-element_type=\"container\" data-e-type=\"container\">\n\t\t\t\t<div class=\"elementor-element elementor-element-37ff9e0 elementor-button-info elementor-align-right elementor-widget elementor-widget-button\" data-id=\"37ff9e0\" data-element_type=\"widget\" data-e-type=\"widget\" data-widget_type=\"button.default\">\n\t\t\t\t<div class=\"elementor-widget-container\">\n\t\t\t\t\t\t\t\t\t<div class=\"elementor-button-wrapper\">\n\t\t\t\t\t<a class=\"elementor-button elementor-button-link elementor-size-sm\" href=\"#\">\n\t\t\t\t\t\t<span class=\"elementor-button-content-wrapper\">\n\t\t\t\t\t\t\t\t\t<span class=\"elementor-button-text\">Contactenos<\/span>\n\t\t\t\t\t<\/span>\n\t\t\t\t\t<\/a>\n\t\t\t\t<\/div>\n\t\t\t\t\t\t\t\t<\/div>\n\t\t\t\t<\/div>\n\t\t\t\t<\/div>\n\t\t\t\t<\/div>\n\t\t\t\t\t<\/div>\n\t\t\t\t<\/div>\n\t\t<div class=\"has_eae_slider elementor-element elementor-element-49e15a9 animated-slow e-flex e-con-boxed elementor-invisible e-con e-parent\" data-eae-slider=\"81745\" data-id=\"49e15a9\" data-element_type=\"container\" data-e-type=\"container\" data-settings=\"{&quot;animation&quot;:&quot;fadeIn&quot;,&quot;animation_delay&quot;:3000,&quot;background_background&quot;:&quot;classic&quot;}\">\n\t\t\t\t\t<div class=\"e-con-inner\">\n\t\t<div class=\"has_eae_slider elementor-element elementor-element-5ce1387 e-flex e-con-boxed e-con e-child\" data-eae-slider=\"90576\" data-id=\"5ce1387\" data-element_type=\"container\" data-e-type=\"container\">\n\t\t\t\t\t<div class=\"e-con-inner\">\n\t\t\t\t<div class=\"elementor-element elementor-element-207734b elementor-headline--style-highlight elementor-widget elementor-widget-animated-headline\" data-id=\"207734b\" data-element_type=\"widget\" data-e-type=\"widget\" data-settings=\"{&quot;marker&quot;:&quot;underline&quot;,&quot;highlighted_text&quot;:&quot;RAM Aerospace &amp; Defense Solutions &quot;,&quot;headline_style&quot;:&quot;highlight&quot;,&quot;highlight_animation_duration&quot;:1200}\" data-widget_type=\"animated-headline.default\">\n\t\t\t\t<div class=\"elementor-widget-container\">\n\t\t\t\t\t\t\t<h3 class=\"elementor-headline\">\n\t\t\t\t<span class=\"elementor-headline-dynamic-wrapper elementor-headline-text-wrapper\">\n\t\t\t\t\t<span class=\"elementor-headline-dynamic-text elementor-headline-text-active\">RAM Aerospace &amp; Defense Solutions <\/span>\n\t\t\t\t<\/span>\n\t\t\t\t\t<span class=\"elementor-headline-plain-text elementor-headline-text-wrapper\">desarrolla programas de inspecci\u00f3n estructural y mantenimiento mayor para aeronaves militares y comerciales. El alcance incluye Aircraft Inspection Programs, inspecci\u00f3n estructural, NDT y soporte t\u00e9cnico en terreno para remoci\u00f3n e instalaci\u00f3n de partes mayores.<\/span>\n\t\t\t\t\t<\/h3>\n\t\t\t\t\t\t<\/div>\n\t\t\t\t<\/div>\n\t\t\t\t\t<\/div>\n\t\t\t\t<\/div>\n\t\t\t\t\t<\/div>\n\t\t\t\t<\/div>\n\t\t<div class=\"has_eae_slider elementor-element elementor-element-b4b1837 e-flex e-con-boxed e-con e-parent\" data-eae-slider=\"52744\" data-id=\"b4b1837\" data-element_type=\"container\" data-e-type=\"container\" data-settings=\"{&quot;background_background&quot;:&quot;classic&quot;}\">\n\t\t\t\t\t<div class=\"e-con-inner\">\n\t\t<div class=\"has_eae_slider elementor-element elementor-element-7e47b09 e-con-full e-flex e-con e-child\" data-eae-slider=\"7577\" data-id=\"7e47b09\" data-element_type=\"container\" data-e-type=\"container\">\n\t\t<div class=\"has_eae_slider elementor-element elementor-element-375e772 e-con-full e-flex e-con e-child\" data-eae-slider=\"60187\" data-id=\"375e772\" data-element_type=\"container\" data-e-type=\"container\">\n\t\t<div class=\"has_eae_slider elementor-element elementor-element-d7fa88c e-con-full e-flex e-con e-child\" data-eae-slider=\"38888\" data-id=\"d7fa88c\" data-element_type=\"container\" data-e-type=\"container\">\n\t\t<div class=\"has_eae_slider elementor-element elementor-element-a53e77d e-con-full e-flex e-con e-child\" data-eae-slider=\"39020\" data-id=\"a53e77d\" data-element_type=\"container\" data-e-type=\"container\" data-settings=\"{&quot;background_background&quot;:&quot;slideshow&quot;,&quot;background_slideshow_gallery&quot;:[{&quot;id&quot;:731,&quot;url&quot;:&quot;http:\\\/\\\/ramairt.com\\\/wp-content\\\/uploads\\\/2023\\\/10\\\/f5E-t.jpg&quot;}],&quot;background_slideshow_slide_duration&quot;:2911,&quot;background_slideshow_loop&quot;:&quot;yes&quot;,&quot;background_slideshow_slide_transition&quot;:&quot;fade&quot;,&quot;background_slideshow_transition_duration&quot;:500}\">\n\t\t<div class=\"has_eae_slider elementor-element elementor-element-ae506ed e-con-full e-flex e-con e-child\" data-eae-slider=\"93370\" data-id=\"ae506ed\" data-element_type=\"container\" data-e-type=\"container\">\n\t\t\t\t<\/div>\n\t\t\t\t<\/div>\n\t\t<div class=\"has_eae_slider elementor-element elementor-element-0ebe71b e-flex e-con-boxed e-con e-child\" data-eae-slider=\"83483\" data-id=\"0ebe71b\" data-element_type=\"container\" data-e-type=\"container\">\n\t\t\t\t\t<div class=\"e-con-inner\">\n\t\t\t\t<div class=\"elementor-element elementor-element-acbad10 elementor-widget elementor-widget-text-editor\" data-id=\"acbad10\" data-element_type=\"widget\" data-e-type=\"widget\" data-widget_type=\"text-editor.default\">\n\t\t\t\t<div class=\"elementor-widget-container\">\n\t\t\t\t\t\t\t\t\t<ul><li>Inspecciones de Fase<\/li><li>Inspecciones estructurales y control de corrosi\u00f3n<\/li><li>NDT<\/li><li>Inspecci\u00f3n y soporte de motores<\/li><\/ul>\t\t\t\t\t\t\t\t<\/div>\n\t\t\t\t<\/div>\n\t\t\t\t\t<\/div>\n\t\t\t\t<\/div>\n\t\t\t\t<\/div>\n\t\t\t\t<\/div>\n\t\t\t\t<\/div>\n\t\t\t\t\t<\/div>\n\t\t\t\t<\/div>\n\t\t<div class=\"has_eae_slider elementor-element elementor-element-6501524 e-flex e-con-boxed e-con e-parent\" data-eae-slider=\"72437\" data-id=\"6501524\" data-element_type=\"container\" data-e-type=\"container\" data-settings=\"{&quot;background_background&quot;:&quot;classic&quot;}\">\n\t\t\t\t\t<div class=\"e-con-inner\">\n\t\t<div class=\"has_eae_slider elementor-element elementor-element-5f9ce38 e-con-full e-flex e-con e-child\" data-eae-slider=\"74883\" data-id=\"5f9ce38\" data-element_type=\"container\" data-e-type=\"container\">\n\t\t<div class=\"has_eae_slider elementor-element elementor-element-d5fbd9c e-con-full e-flex e-con e-child\" data-eae-slider=\"30038\" data-id=\"d5fbd9c\" data-element_type=\"container\" data-e-type=\"container\">\n\t\t<div class=\"has_eae_slider elementor-element elementor-element-aad33d2 e-con-full e-flex e-con e-child\" data-eae-slider=\"58154\" data-id=\"aad33d2\" data-element_type=\"container\" data-e-type=\"container\">\n\t\t<div class=\"has_eae_slider elementor-element elementor-element-456ca8d e-con-full e-flex e-con e-child\" data-eae-slider=\"14537\" data-id=\"456ca8d\" data-element_type=\"container\" data-e-type=\"container\" data-settings=\"{&quot;background_background&quot;:&quot;slideshow&quot;,&quot;background_slideshow_gallery&quot;:[{&quot;id&quot;:739,&quot;url&quot;:&quot;http:\\\/\\\/ramairt.com\\\/wp-content\\\/uploads\\\/2023\\\/10\\\/uh60-T.jpg&quot;},{&quot;id&quot;:735,&quot;url&quot;:&quot;http:\\\/\\\/ramairt.com\\\/wp-content\\\/uploads\\\/2023\\\/10\\\/s70I-t.jpg&quot;}],&quot;background_slideshow_slide_duration&quot;:2911,&quot;background_slideshow_loop&quot;:&quot;yes&quot;,&quot;background_slideshow_slide_transition&quot;:&quot;fade&quot;,&quot;background_slideshow_transition_duration&quot;:500}\">\n\t\t<div class=\"has_eae_slider elementor-element elementor-element-975e63f e-con-full e-flex e-con e-child\" data-eae-slider=\"49424\" data-id=\"975e63f\" data-element_type=\"container\" data-e-type=\"container\">\n\t\t\t\t<\/div>\n\t\t\t\t<\/div>\n\t\t<div class=\"has_eae_slider elementor-element elementor-element-433cc7e e-flex e-con-boxed e-con e-child\" data-eae-slider=\"43631\" data-id=\"433cc7e\" data-element_type=\"container\" data-e-type=\"container\">\n\t\t\t\t\t<div class=\"e-con-inner\">\n\t\t\t\t<div class=\"elementor-element elementor-element-32ad6f0 elementor-widget elementor-widget-text-editor\" data-id=\"32ad6f0\" data-element_type=\"widget\" data-e-type=\"widget\" data-widget_type=\"text-editor.default\">\n\t\t\t\t<div class=\"elementor-widget-container\">\n\t\t\t\t\t\t\t\t\t<ul><li>PMI 1 y PMI 2<\/li><li>Inspecci\u00f3n 1000 Hrs \/ 36 Meses<\/li><li>Inspecci\u00f3n estructural<\/li><li>NDT<\/li><\/ul>\t\t\t\t\t\t\t\t<\/div>\n\t\t\t\t<\/div>\n\t\t\t\t\t<\/div>\n\t\t\t\t<\/div>\n\t\t\t\t<\/div>\n\t\t\t\t<\/div>\n\t\t\t\t<\/div>\n\t\t\t\t\t<\/div>\n\t\t\t\t<\/div>\n\t\t<div class=\"has_eae_slider elementor-element elementor-element-f8f4056 e-flex e-con-boxed e-con e-parent\" data-eae-slider=\"76425\" data-id=\"f8f4056\" data-element_type=\"container\" data-e-type=\"container\" data-settings=\"{&quot;background_background&quot;:&quot;classic&quot;}\">\n\t\t\t\t\t<div class=\"e-con-inner\">\n\t\t<div class=\"has_eae_slider elementor-element elementor-element-b3134ff e-con-full e-flex e-con e-child\" data-eae-slider=\"19279\" data-id=\"b3134ff\" data-element_type=\"container\" data-e-type=\"container\">\n\t\t<div class=\"has_eae_slider elementor-element elementor-element-78a3eb7 e-con-full e-flex e-con e-child\" data-eae-slider=\"49996\" data-id=\"78a3eb7\" data-element_type=\"container\" data-e-type=\"container\">\n\t\t<div class=\"has_eae_slider elementor-element elementor-element-3450572 e-con-full e-flex e-con e-child\" data-eae-slider=\"81437\" data-id=\"3450572\" data-element_type=\"container\" data-e-type=\"container\">\n\t\t<div class=\"has_eae_slider elementor-element elementor-element-47e447d e-con-full e-flex e-con e-child\" data-eae-slider=\"63437\" data-id=\"47e447d\" data-element_type=\"container\" data-e-type=\"container\" data-settings=\"{&quot;background_background&quot;:&quot;slideshow&quot;,&quot;background_slideshow_gallery&quot;:[{&quot;id&quot;:844,&quot;url&quot;:&quot;http:\\\/\\\/ramairt.com\\\/wp-content\\\/uploads\\\/2023\\\/10\\\/CASA-295-T.jpg&quot;},{&quot;id&quot;:1654,&quot;url&quot;:&quot;http:\\\/\\\/ramairt.com\\\/wp-content\\\/uploads\\\/2026\\\/04\\\/CASA-CN265.jpg&quot;}],&quot;background_slideshow_slide_duration&quot;:2911,&quot;background_slideshow_loop&quot;:&quot;yes&quot;,&quot;background_slideshow_slide_transition&quot;:&quot;fade&quot;,&quot;background_slideshow_transition_duration&quot;:500}\">\n\t\t<div class=\"has_eae_slider elementor-element elementor-element-7922e5d e-con-full e-flex e-con e-child\" data-eae-slider=\"93924\" data-id=\"7922e5d\" data-element_type=\"container\" data-e-type=\"container\">\n\t\t\t\t<\/div>\n\t\t\t\t<\/div>\n\t\t<div class=\"has_eae_slider elementor-element elementor-element-359dddd e-flex e-con-boxed e-con e-child\" data-eae-slider=\"66199\" data-id=\"359dddd\" data-element_type=\"container\" data-e-type=\"container\">\n\t\t\t\t\t<div class=\"e-con-inner\">\n\t\t\t\t<div class=\"elementor-element elementor-element-e158a0c elementor-widget elementor-widget-text-editor\" data-id=\"e158a0c\" data-element_type=\"widget\" data-e-type=\"widget\" data-widget_type=\"text-editor.default\">\n\t\t\t\t<div class=\"elementor-widget-container\">\n\t\t\t\t\t\t\t\t\t<ul><li>2Y, 4Y, 6Y, 8Y y 12Y Inspections<\/li><li>Implementaci\u00f3n de AD\u2019s y SB\u2019s<\/li><li>Remoci\u00f3n e instalaci\u00f3n de componentes menores y mayores<\/li><\/ul>\t\t\t\t\t\t\t\t<\/div>\n\t\t\t\t<\/div>\n\t\t\t\t\t<\/div>\n\t\t\t\t<\/div>\n\t\t\t\t<\/div>\n\t\t\t\t<\/div>\n\t\t\t\t<\/div>\n\t\t\t\t\t<\/div>\n\t\t\t\t<\/div>\n\t\t<div class=\"has_eae_slider elementor-element elementor-element-c41233b e-flex e-con-boxed e-con e-parent\" data-eae-slider=\"84364\" data-id=\"c41233b\" data-element_type=\"container\" data-e-type=\"container\" data-settings=\"{&quot;background_background&quot;:&quot;classic&quot;}\">\n\t\t\t\t\t<div class=\"e-con-inner\">\n\t\t<div class=\"has_eae_slider elementor-element elementor-element-a72592d e-con-full e-flex e-con e-child\" data-eae-slider=\"58587\" data-id=\"a72592d\" data-element_type=\"container\" data-e-type=\"container\">\n\t\t<div class=\"has_eae_slider elementor-element elementor-element-6395d30 e-con-full e-flex e-con e-child\" data-eae-slider=\"71096\" data-id=\"6395d30\" data-element_type=\"container\" data-e-type=\"container\">\n\t\t<div class=\"has_eae_slider elementor-element elementor-element-9da1d7c e-con-full e-flex e-con e-child\" data-eae-slider=\"26218\" data-id=\"9da1d7c\" data-element_type=\"container\" data-e-type=\"container\">\n\t\t<div class=\"has_eae_slider elementor-element elementor-element-40651df e-con-full e-flex e-con e-child\" data-eae-slider=\"27910\" data-id=\"40651df\" data-element_type=\"container\" data-e-type=\"container\" data-settings=\"{&quot;background_background&quot;:&quot;slideshow&quot;,&quot;background_slideshow_gallery&quot;:[{&quot;id&quot;:726,&quot;url&quot;:&quot;http:\\\/\\\/ramairt.com\\\/wp-content\\\/uploads\\\/2023\\\/10\\\/737-T.jpg&quot;},{&quot;id&quot;:727,&quot;url&quot;:&quot;http:\\\/\\\/ramairt.com\\\/wp-content\\\/uploads\\\/2023\\\/10\\\/767-T.jpg&quot;}],&quot;background_slideshow_slide_duration&quot;:2911,&quot;background_slideshow_loop&quot;:&quot;yes&quot;,&quot;background_slideshow_slide_transition&quot;:&quot;fade&quot;,&quot;background_slideshow_transition_duration&quot;:500}\">\n\t\t<div class=\"has_eae_slider elementor-element elementor-element-9d79fe0 e-con-full e-flex e-con e-child\" data-eae-slider=\"48945\" data-id=\"9d79fe0\" data-element_type=\"container\" data-e-type=\"container\">\n\t\t\t\t<\/div>\n\t\t\t\t<\/div>\n\t\t<div class=\"has_eae_slider elementor-element elementor-element-9a32d38 e-flex e-con-boxed e-con e-child\" data-eae-slider=\"12014\" data-id=\"9a32d38\" data-element_type=\"container\" data-e-type=\"container\">\n\t\t\t\t\t<div class=\"e-con-inner\">\n\t\t\t\t<div class=\"elementor-element elementor-element-9aaac33 elementor-widget elementor-widget-text-editor\" data-id=\"9aaac33\" data-element_type=\"widget\" data-e-type=\"widget\" data-widget_type=\"text-editor.default\">\n\t\t\t\t<div class=\"elementor-widget-container\">\n\t\t\t\t\t\t\t\t\t<ul><li>Check A y Check C<\/li><li>Cambio de Motor<\/li><li>Cambio de Landing Gear<\/li><\/ul>\t\t\t\t\t\t\t\t<\/div>\n\t\t\t\t<\/div>\n\t\t\t\t\t<\/div>\n\t\t\t\t<\/div>\n\t\t\t\t<\/div>\n\t\t\t\t<\/div>\n\t\t\t\t<\/div>\n\t\t\t\t\t<\/div>\n\t\t\t\t<\/div>\n\t\t<div class=\"has_eae_slider elementor-element elementor-element-86499fc e-flex e-con-boxed e-con e-parent\" data-eae-slider=\"27930\" data-id=\"86499fc\" data-element_type=\"container\" data-e-type=\"container\" data-settings=\"{&quot;background_background&quot;:&quot;classic&quot;}\">\n\t\t\t\t\t<div class=\"e-con-inner\">\n\t\t<div class=\"has_eae_slider elementor-element elementor-element-382ba30 e-con-full e-flex e-con e-child\" data-eae-slider=\"24699\" data-id=\"382ba30\" data-element_type=\"container\" data-e-type=\"container\">\n\t\t<div class=\"has_eae_slider elementor-element elementor-element-60517ce e-con-full e-flex e-con e-child\" data-eae-slider=\"77893\" data-id=\"60517ce\" data-element_type=\"container\" data-e-type=\"container\">\n\t\t<div class=\"has_eae_slider elementor-element elementor-element-c90e7b4 e-con-full e-flex e-con e-child\" data-eae-slider=\"55006\" data-id=\"c90e7b4\" data-element_type=\"container\" data-e-type=\"container\">\n\t\t<div class=\"has_eae_slider elementor-element elementor-element-ca0c582 e-con-full e-flex e-con e-child\" data-eae-slider=\"28458\" data-id=\"ca0c582\" data-element_type=\"container\" data-e-type=\"container\" data-settings=\"{&quot;background_background&quot;:&quot;slideshow&quot;,&quot;background_slideshow_gallery&quot;:[{&quot;id&quot;:1167,&quot;url&quot;:&quot;http:\\\/\\\/ramairt.com\\\/wp-content\\\/uploads\\\/2024\\\/03\\\/a320.jpg&quot;}],&quot;background_slideshow_slide_duration&quot;:2911,&quot;background_slideshow_loop&quot;:&quot;yes&quot;,&quot;background_slideshow_slide_transition&quot;:&quot;fade&quot;,&quot;background_slideshow_transition_duration&quot;:500}\">\n\t\t<div class=\"has_eae_slider elementor-element elementor-element-bc9bd97 e-con-full e-flex e-con e-child\" data-eae-slider=\"51661\" data-id=\"bc9bd97\" data-element_type=\"container\" data-e-type=\"container\">\n\t\t\t\t<\/div>\n\t\t\t\t<\/div>\n\t\t<div class=\"has_eae_slider elementor-element elementor-element-760ac0e e-flex e-con-boxed e-con e-child\" data-eae-slider=\"50143\" data-id=\"760ac0e\" data-element_type=\"container\" data-e-type=\"container\">\n\t\t\t\t\t<div class=\"e-con-inner\">\n\t\t\t\t<div class=\"elementor-element elementor-element-53376cb elementor-widget elementor-widget-text-editor\" data-id=\"53376cb\" data-element_type=\"widget\" data-e-type=\"widget\" data-widget_type=\"text-editor.default\">\n\t\t\t\t<div class=\"elementor-widget-container\">\n\t\t\t\t\t\t\t\t\t<ul><li>Check A y Check C<\/li><li>Cambio de Motor<\/li><li>Cambio de Landing Gear<\/li><\/ul>\t\t\t\t\t\t\t\t<\/div>\n\t\t\t\t<\/div>\n\t\t\t\t\t<\/div>\n\t\t\t\t<\/div>\n\t\t\t\t<\/div>\n\t\t\t\t<\/div>\n\t\t\t\t<\/div>\n\t\t\t\t\t<\/div>\n\t\t\t\t<\/div>\n\t\t\t\t<\/div>\n\t\t","protected":false},"excerpt":{"rendered":"<p>INSPECCI\u00d3N Aeronaves Militares y Comerciales Contactenos RAM Aerospace &amp; Defense Solutions desarrolla programas de inspecci\u00f3n estructural y mantenimiento mayor para aeronaves militares y comerciales. El alcance incluye Aircraft Inspection Programs, inspecci\u00f3n estructural, NDT y soporte t\u00e9cnico en terreno para remoci\u00f3n e instalaci\u00f3n de partes mayores. Inspecciones de Fase Inspecciones estructurales y control de corrosi\u00f3n NDT &#8230; <a title=\"INSPECCION1\" class=\"read-more\" href=\"https:\/\/ramairt.com\/en\/inspeccion1\/\" aria-label=\"Read more about INSPECCION1\">Read more<\/a><\/p>","protected":false},"author":1,"featured_media":0,"parent":0,"menu_order":0,"comment_status":"closed","ping_status":"closed","template":"elementor_header_footer","meta":{"footnotes":""},"class_list":["post-1652","page","type-page","status-publish"],"_links":{"self":[{"href":"https:\/\/ramairt.com\/en\/wp-json\/wp\/v2\/pages\/1652","targetHints":{"allow":["GET"]}}],"collection":[{"href":"https:\/\/ramairt.com\/en\/wp-json\/wp\/v2\/pages"}],"about":[{"href":"https:\/\/ramairt.com\/en\/wp-json\/wp\/v2\/types\/page"}],"author":[{"embeddable":true,"href":"https:\/\/ramairt.com\/en\/wp-json\/wp\/v2\/users\/1"}],"replies":[{"embeddable":true,"href":"https:\/\/ramairt.com\/en\/wp-json\/wp\/v2\/comments?post=1652"}],"version-history":[{"count":19,"href":"https:\/\/ramairt.com\/en\/wp-json\/wp\/v2\/pages\/1652\/revisions"}],"predecessor-version":[{"id":1935,"href":"https:\/\/ramairt.com\/en\/wp-json\/wp\/v2\/pages\/1652\/revisions\/1935"}],"wp:attachment":[{"href":"https:\/\/ramairt.com\/en\/wp-json\/wp\/v2\/media?parent=1652"}],"curies":[{"name":"wp","href":"https:\/\/api.w.org\/{rel}","templated":true}]}}