{"id":1658,"date":"2026-04-03T21:51:02","date_gmt":"2026-04-03T21:51:02","guid":{"rendered":"https:\/\/ramairt.com\/?page_id=1658"},"modified":"2026-04-04T03:13:35","modified_gmt":"2026-04-04T03:13:35","slug":"reparaciones1","status":"publish","type":"page","link":"https:\/\/ramairt.com\/en\/reparaciones1\/","title":{"rendered":"REPARACIONES1"},"content":{"rendered":"\t\t<div data-elementor-type=\"wp-page\" data-elementor-id=\"1658\" class=\"elementor elementor-1658\" data-elementor-post-type=\"page\">\n\t\t\t\t<div class=\"has_eae_slider elementor-element elementor-element-aa2524a animated-slow e-flex e-con-boxed elementor-invisible e-con e-parent\" data-eae-slider=\"68363\" data-id=\"aa2524a\" data-element_type=\"container\" data-e-type=\"container\" data-settings=\"{&quot;background_background&quot;:&quot;slideshow&quot;,&quot;animation&quot;:&quot;fadeIn&quot;,&quot;background_slideshow_gallery&quot;:[{&quot;id&quot;:1661,&quot;url&quot;:&quot;http:\\\/\\\/ramairt.com\\\/wp-content\\\/uploads\\\/2026\\\/04\\\/REPAIR-MANAGMENT-scaled.jpg&quot;}],&quot;background_slideshow_loop&quot;:&quot;yes&quot;,&quot;background_slideshow_slide_duration&quot;:5000,&quot;background_slideshow_slide_transition&quot;:&quot;fade&quot;,&quot;background_slideshow_transition_duration&quot;:500}\">\n\t\t\t\t\t<div class=\"e-con-inner\">\n\t\t<div class=\"has_eae_slider elementor-element elementor-element-a59f187 e-flex e-con-boxed e-con e-child\" data-eae-slider=\"83073\" data-id=\"a59f187\" data-element_type=\"container\" data-e-type=\"container\">\n\t\t\t\t\t<div class=\"e-con-inner\">\n\t\t<div class=\"has_eae_slider elementor-element elementor-element-4f84a9d e-con-full e-flex e-con e-child\" data-eae-slider=\"46165\" data-id=\"4f84a9d\" data-element_type=\"container\" data-e-type=\"container\">\n\t\t\t\t<div class=\"elementor-element elementor-element-6b40a77 animated-slow elementor-widget-mobile__width-initial elementor-invisible elementor-widget elementor-widget-heading\" data-id=\"6b40a77\" data-element_type=\"widget\" data-e-type=\"widget\" data-settings=\"{&quot;_animation&quot;:&quot;fadeInRight&quot;,&quot;_animation_delay&quot;:500}\" data-widget_type=\"heading.default\">\n\t\t\t\t<div class=\"elementor-widget-container\">\n\t\t\t\t\t<h2 class=\"elementor-heading-title elementor-size-default\">REPAIR MANAGEMENT<\/h2>\t\t\t\t<\/div>\n\t\t\t\t<\/div>\n\t\t\t\t<\/div>\n\t\t\t\t\t<\/div>\n\t\t\t\t<\/div>\n\t\t\t\t\t<\/div>\n\t\t\t\t<\/div>\n\t\t<div class=\"has_eae_slider elementor-element elementor-element-49e15a9 e-flex e-con-boxed e-con e-parent\" data-eae-slider=\"32330\" data-id=\"49e15a9\" data-element_type=\"container\" data-e-type=\"container\">\n\t\t\t\t\t<div class=\"e-con-inner\">\n\t\t<div class=\"has_eae_slider elementor-element elementor-element-5ce1387 e-flex e-con-boxed e-con e-child\" data-eae-slider=\"56736\" data-id=\"5ce1387\" data-element_type=\"container\" data-e-type=\"container\">\n\t\t\t\t\t<div class=\"e-con-inner\">\n\t\t\t\t<div class=\"elementor-element elementor-element-207734b elementor-headline--style-highlight elementor-widget elementor-widget-animated-headline\" data-id=\"207734b\" data-element_type=\"widget\" data-e-type=\"widget\" data-settings=\"{&quot;marker&quot;:&quot;underline&quot;,&quot;highlighted_text&quot;:&quot;Repair Management&quot;,&quot;headline_style&quot;:&quot;highlight&quot;,&quot;highlight_animation_duration&quot;:1200}\" data-widget_type=\"animated-headline.default\">\n\t\t\t\t<div class=\"elementor-widget-container\">\n\t\t\t\t\t\t\t<h3 class=\"elementor-headline\">\n\t\t\t\t\t<span class=\"elementor-headline-plain-text elementor-headline-text-wrapper\">El \u00e1rea de <\/span>\n\t\t\t\t<span class=\"elementor-headline-dynamic-wrapper elementor-headline-text-wrapper\">\n\t\t\t\t\t<span class=\"elementor-headline-dynamic-text elementor-headline-text-active\">Repair Management<\/span>\n\t\t\t\t<\/span>\n\t\t\t\t\t<span class=\"elementor-headline-plain-text elementor-headline-text-wrapper\">ofrece soluciones t\u00e9cnicas integrales orientadas a la sostenibilidad de flotas.<\/span>\n\t\t\t\t\t<\/h3>\n\t\t\t\t\t\t<\/div>\n\t\t\t\t<\/div>\n\t\t\t\t\t<\/div>\n\t\t\t\t<\/div>\n\t\t\t\t\t<\/div>\n\t\t\t\t<\/div>\n\t\t<div class=\"has_eae_slider elementor-element elementor-element-51c65cb e-flex e-con-boxed e-con e-parent\" data-eae-slider=\"46522\" data-id=\"51c65cb\" data-element_type=\"container\" data-e-type=\"container\" data-settings=\"{&quot;background_background&quot;:&quot;classic&quot;}\">\n\t\t\t\t\t<div class=\"e-con-inner\">\n\t\t<div class=\"has_eae_slider elementor-element elementor-element-ea95d20 e-con-full e-flex e-con e-child\" data-eae-slider=\"86940\" data-id=\"ea95d20\" data-element_type=\"container\" data-e-type=\"container\">\n\t\t<div class=\"has_eae_slider elementor-element elementor-element-1d69074 e-con-full e-flex e-con e-child\" data-eae-slider=\"21441\" data-id=\"1d69074\" data-element_type=\"container\" data-e-type=\"container\">\n\t\t<div class=\"has_eae_slider elementor-element elementor-element-738bace e-con-full e-flex e-con e-child\" data-eae-slider=\"75631\" data-id=\"738bace\" data-element_type=\"container\" data-e-type=\"container\">\n\t\t<div class=\"has_eae_slider elementor-element elementor-element-63cf9ab e-con-full e-flex e-con e-child\" data-eae-slider=\"14942\" data-id=\"63cf9ab\" data-element_type=\"container\" data-e-type=\"container\">\n\t\t\t\t<div class=\"elementor-element elementor-element-4017b6c elementor-widget__width-initial elementor-widget elementor-widget-text-editor\" data-id=\"4017b6c\" data-element_type=\"widget\" data-e-type=\"widget\" data-widget_type=\"text-editor.default\">\n\t\t\t\t<div class=\"elementor-widget-container\">\n\t\t\t\t\t\t\t\t\t<ol><li>Obsolescence Management<\/li><li>Ingenier\u00eda Aplicada y Reverse Engineering<\/li><li>Programas de Warehouse en Cliente<\/li><li>AOG 24\/7 Support<\/li><li>Fleet Support Programs<\/li><\/ol>\t\t\t\t\t\t\t\t<\/div>\n\t\t\t\t<\/div>\n\t\t\t\t<\/div>\n\t\t<div class=\"has_eae_slider elementor-element elementor-element-d965f51 e-flex e-con-boxed e-con e-child\" data-eae-slider=\"19496\" data-id=\"d965f51\" data-element_type=\"container\" data-e-type=\"container\">\n\t\t\t\t\t<div class=\"e-con-inner\">\n\t\t\t\t<div class=\"elementor-element elementor-element-540db8a elementor-widget elementor-widget-image\" data-id=\"540db8a\" data-element_type=\"widget\" data-e-type=\"widget\" data-widget_type=\"image.default\">\n\t\t\t\t<div class=\"elementor-widget-container\">\n\t\t\t\t\t\t\t\t\t\t\t\t\t\t\t<img loading=\"lazy\" decoding=\"async\" width=\"800\" height=\"533\" src=\"https:\/\/ramairt.com\/wp-content\/uploads\/2023\/10\/APAS-Ms07.jpg\" class=\"attachment-large size-large wp-image-819\" alt=\"\" srcset=\"https:\/\/ramairt.com\/wp-content\/uploads\/2023\/10\/APAS-Ms07.jpg 800w, https:\/\/ramairt.com\/wp-content\/uploads\/2023\/10\/APAS-Ms07-300x200.jpg 300w, https:\/\/ramairt.com\/wp-content\/uploads\/2023\/10\/APAS-Ms07-768x512.jpg 768w\" sizes=\"auto, (max-width: 800px) 100vw, 800px\" \/>\t\t\t\t\t\t\t\t\t\t\t\t\t\t\t<\/div>\n\t\t\t\t<\/div>\n\t\t\t\t\t<\/div>\n\t\t\t\t<\/div>\n\t\t\t\t<\/div>\n\t\t\t\t<\/div>\n\t\t\t\t<\/div>\n\t\t\t\t\t<\/div>\n\t\t\t\t<\/div>\n\t\t\t\t<\/div>\n\t\t","protected":false},"excerpt":{"rendered":"<p>REPAIR MANAGEMENT El \u00e1rea de Repair Management ofrece soluciones t\u00e9cnicas integrales orientadas a la sostenibilidad de flotas. Obsolescence Management Ingenier\u00eda Aplicada y Reverse Engineering Programas de Warehouse en Cliente AOG 24\/7 Support Fleet Support Programs<\/p>","protected":false},"author":1,"featured_media":0,"parent":0,"menu_order":0,"comment_status":"closed","ping_status":"closed","template":"elementor_header_footer","meta":{"footnotes":""},"class_list":["post-1658","page","type-page","status-publish"],"_links":{"self":[{"href":"https:\/\/ramairt.com\/en\/wp-json\/wp\/v2\/pages\/1658","targetHints":{"allow":["GET"]}}],"collection":[{"href":"https:\/\/ramairt.com\/en\/wp-json\/wp\/v2\/pages"}],"about":[{"href":"https:\/\/ramairt.com\/en\/wp-json\/wp\/v2\/types\/page"}],"author":[{"embeddable":true,"href":"https:\/\/ramairt.com\/en\/wp-json\/wp\/v2\/users\/1"}],"replies":[{"embeddable":true,"href":"https:\/\/ramairt.com\/en\/wp-json\/wp\/v2\/comments?post=1658"}],"version-history":[{"count":13,"href":"https:\/\/ramairt.com\/en\/wp-json\/wp\/v2\/pages\/1658\/revisions"}],"predecessor-version":[{"id":1824,"href":"https:\/\/ramairt.com\/en\/wp-json\/wp\/v2\/pages\/1658\/revisions\/1824"}],"wp:attachment":[{"href":"https:\/\/ramairt.com\/en\/wp-json\/wp\/v2\/media?parent=1658"}],"curies":[{"name":"wp","href":"https:\/\/api.w.org\/{rel}","templated":true}]}}