{"id":240,"date":"2023-09-09T18:49:17","date_gmt":"2023-09-09T18:49:17","guid":{"rendered":"http:\/\/ramairt.com\/?page_id=240"},"modified":"2023-10-13T16:48:30","modified_gmt":"2023-10-13T16:48:30","slug":"capacidades","status":"publish","type":"page","link":"https:\/\/ramairt.com\/en\/capacidades\/","title":{"rendered":"capacidades"},"content":{"rendered":"<div data-elementor-type=\"wp-page\" data-elementor-id=\"240\" class=\"elementor elementor-240\" data-elementor-post-type=\"page\">\n\t\t\t\t<div class=\"has_eae_slider elementor-element elementor-element-49e15a9 e-flex e-con-boxed e-con e-parent\" data-eae-slider=\"22030\" data-id=\"49e15a9\" data-element_type=\"container\" data-e-type=\"container\">\n\t\t\t\t\t<div class=\"e-con-inner\">\n\t\t<div class=\"has_eae_slider elementor-element elementor-element-5ce1387 e-flex e-con-boxed e-con e-child\" data-eae-slider=\"50169\" data-id=\"5ce1387\" data-element_type=\"container\" data-e-type=\"container\">\n\t\t\t\t\t<div class=\"e-con-inner\">\n\t\t\t\t<div class=\"elementor-element elementor-element-207734b elementor-headline--style-highlight elementor-widget elementor-widget-animated-headline\" data-id=\"207734b\" data-element_type=\"widget\" data-e-type=\"widget\" data-settings=\"{&quot;marker&quot;:&quot;underline&quot;,&quot;highlighted_text&quot;:&quot;Amplia Gama de Capacidades&quot;,&quot;headline_style&quot;:&quot;highlight&quot;,&quot;highlight_animation_duration&quot;:1200}\" data-widget_type=\"animated-headline.default\">\n\t\t\t\t<div class=\"elementor-widget-container\">\n\t\t\t\t\t\t\t<h3 class=\"elementor-headline\">\n\t\t\t\t\t<span class=\"elementor-headline-plain-text elementor-headline-text-wrapper\">Nuestras certificaciones nos permiten atender una<\/span>\n\t\t\t\t<span class=\"elementor-headline-dynamic-wrapper elementor-headline-text-wrapper\">\n\t\t\t\t\t<span class=\"elementor-headline-dynamic-text elementor-headline-text-active\">Amplia Gama de Capacidades<\/span>\n\t\t\t\t<\/span>\n\t\t\t\t<\/h3>\n\t\t\t\t\t\t<\/div>\n\t\t\t\t<\/div>\n\t\t\t\t\t<\/div>\n\t\t\t\t<\/div>\n\t\t<div class=\"has_eae_slider elementor-element elementor-element-419388b e-flex e-con-boxed e-con e-child\" data-eae-slider=\"63044\" data-id=\"419388b\" data-element_type=\"container\" data-e-type=\"container\">\n\t\t\t\t\t<div class=\"e-con-inner\">\n\t\t<div class=\"has_eae_slider elementor-element elementor-element-eab2ed3 e-con-full e-flex e-con e-child\" data-eae-slider=\"70026\" data-id=\"eab2ed3\" data-element_type=\"container\" data-e-type=\"container\">\n\t\t\t\t<div class=\"elementor-element elementor-element-db5db55 elementor-widget elementor-widget-text-editor\" data-id=\"db5db55\" data-element_type=\"widget\" data-e-type=\"widget\" data-widget_type=\"text-editor.default\">\n\t\t\t\t<div class=\"elementor-widget-container\">\n\t\t\t\t\t\t\t\t\t<ul><li>Accesorios clase I, II, III:<\/li><li>Reparaci\u00f3n Mec\u00e1nica, overhaul y exchange<\/li><li>Reparaciones El\u00e9ctricas y overhaul<\/li><li>Reparaci\u00f3n componentes Electr\u00f3nicos y overhaul<\/li><li>Airframe y estructura<\/li><li>Accesorios de Plantas de Energ\u00eda<\/li><li>Trenes de Aterrizajes<\/li><li>Ruedas y Frenos<\/li><li>Oxigeno<\/li><li>Instrumentos<\/li><li>Radio<\/li><li>Inspecciones y test de NDT<\/li><li>Motores y Accesorios<\/li><\/ul>\t\t\t\t\t\t\t\t<\/div>\n\t\t\t\t<\/div>\n\t\t\t\t<\/div>\n\t\t<div class=\"has_eae_slider elementor-element elementor-element-c646715 e-con-full e-flex e-con e-child\" data-eae-slider=\"80573\" data-id=\"c646715\" data-element_type=\"container\" data-e-type=\"container\">\n\t\t\t\t<div class=\"elementor-element elementor-element-4bd4c71 elementor-widget__width-initial elementor--h-position-center elementor--v-position-middle elementor-widget elementor-widget-slides\" data-id=\"4bd4c71\" data-element_type=\"widget\" data-e-type=\"widget\" data-settings=\"{&quot;navigation&quot;:&quot;none&quot;,&quot;autoplay_speed&quot;:2000,&quot;transition&quot;:&quot;fade&quot;,&quot;transition_speed&quot;:2000,&quot;autoplay&quot;:&quot;yes&quot;,&quot;infinite&quot;:&quot;yes&quot;}\" data-widget_type=\"slides.default\">\n\t\t\t\t<div class=\"elementor-widget-container\">\n\t\t\t\t\t\t\t\t\t<div class=\"elementor-swiper\">\n\t\t\t\t\t<div class=\"elementor-slides-wrapper elementor-main-swiper swiper\" role=\"region\" aria-roledescription=\"carousel\" aria-label=\"Slides\" dir=\"ltr\" data-animation=\"zoomIn\">\n\t\t\t\t<div class=\"swiper-wrapper elementor-slides\">\n\t\t\t\t\t\t\t\t\t\t<div class=\"elementor-repeater-item-c5c88b4 swiper-slide\" role=\"group\" aria-roledescription=\"slide\"><div class=\"swiper-slide-bg\" role=\"img\" aria-label=\"Imagen4\"><\/div><div class=\"swiper-slide-inner\" ><div class=\"swiper-slide-contents\"><\/div><\/div><\/div><div class=\"elementor-repeater-item-ad13c02 swiper-slide\" role=\"group\" aria-roledescription=\"slide\"><div class=\"swiper-slide-bg\" role=\"img\" aria-label=\"Imagen3\"><\/div><div class=\"swiper-slide-inner\" ><div class=\"swiper-slide-contents\"><\/div><\/div><\/div><div class=\"elementor-repeater-item-afa7625 swiper-slide\" role=\"group\" aria-roledescription=\"slide\"><div class=\"swiper-slide-bg\" role=\"img\" aria-label=\"Imagen2\"><\/div><div class=\"swiper-slide-inner\" ><div class=\"swiper-slide-contents\"><\/div><\/div><\/div><div class=\"elementor-repeater-item-4813504 swiper-slide\" role=\"group\" aria-roledescription=\"slide\"><div class=\"swiper-slide-bg\" role=\"img\" aria-label=\"Imagen6\"><\/div><div class=\"swiper-slide-inner\" ><div class=\"swiper-slide-contents\"><\/div><\/div><\/div>\t\t\t\t<\/div>\n\t\t\t\t\t\t\t\t\t\t\t\t\t\t\t\t\t\t\t\t\t<\/div>\n\t\t\t\t<\/div>\n\t\t\t\t\t\t\t\t<\/div>\n\t\t\t\t<\/div>\n\t\t\t\t<\/div>\n\t\t\t\t\t<\/div>\n\t\t\t\t<\/div>\n\t\t\t\t\t<\/div>\n\t\t\t\t<\/div>\n\t\t\t\t<\/div>","protected":false},"excerpt":{"rendered":"<p>Nuestras certificaciones nos permiten atender una Amplia Gama de Capacidades Accesorios clase I, II, III: Reparaci\u00f3n Mec\u00e1nica, overhaul y exchange Reparaciones El\u00e9ctricas y overhaul Reparaci\u00f3n componentes Electr\u00f3nicos y overhaul Airframe y estructura Accesorios de Plantas de Energ\u00eda Trenes de Aterrizajes Ruedas y Frenos Oxigeno Instrumentos Radio Inspecciones y test de NDT Motores y Accesorios<\/p>","protected":false},"author":1,"featured_media":0,"parent":0,"menu_order":0,"comment_status":"closed","ping_status":"closed","template":"elementor_header_footer","meta":{"footnotes":""},"class_list":["post-240","page","type-page","status-publish"],"_links":{"self":[{"href":"https:\/\/ramairt.com\/en\/wp-json\/wp\/v2\/pages\/240","targetHints":{"allow":["GET"]}}],"collection":[{"href":"https:\/\/ramairt.com\/en\/wp-json\/wp\/v2\/pages"}],"about":[{"href":"https:\/\/ramairt.com\/en\/wp-json\/wp\/v2\/types\/page"}],"author":[{"embeddable":true,"href":"https:\/\/ramairt.com\/en\/wp-json\/wp\/v2\/users\/1"}],"replies":[{"embeddable":true,"href":"https:\/\/ramairt.com\/en\/wp-json\/wp\/v2\/comments?post=240"}],"version-history":[{"count":39,"href":"https:\/\/ramairt.com\/en\/wp-json\/wp\/v2\/pages\/240\/revisions"}],"predecessor-version":[{"id":1004,"href":"https:\/\/ramairt.com\/en\/wp-json\/wp\/v2\/pages\/240\/revisions\/1004"}],"wp:attachment":[{"href":"https:\/\/ramairt.com\/en\/wp-json\/wp\/v2\/media?parent=240"}],"curies":[{"name":"wp","href":"https:\/\/api.w.org\/{rel}","templated":true}]}}