{"id":810,"date":"2023-10-13T17:03:47","date_gmt":"2023-10-13T17:03:47","guid":{"rendered":"http:\/\/ramairt.com\/?page_id=810"},"modified":"2023-11-23T13:51:48","modified_gmt":"2023-11-23T13:51:48","slug":"reparaciones","status":"publish","type":"page","link":"https:\/\/ramairt.com\/en\/reparaciones\/","title":{"rendered":"reparaciones"},"content":{"rendered":"<div data-elementor-type=\"wp-page\" data-elementor-id=\"810\" class=\"elementor elementor-810\" data-elementor-post-type=\"page\">\n\t\t\t\t<div class=\"has_eae_slider elementor-element elementor-element-49e15a9 e-flex e-con-boxed e-con e-parent\" data-eae-slider=\"40606\" data-id=\"49e15a9\" data-element_type=\"container\" data-e-type=\"container\">\n\t\t\t\t\t<div class=\"e-con-inner\">\n\t\t<div class=\"has_eae_slider elementor-element elementor-element-5ce1387 e-flex e-con-boxed e-con e-child\" data-eae-slider=\"30025\" data-id=\"5ce1387\" data-element_type=\"container\" data-e-type=\"container\">\n\t\t\t\t\t<div class=\"e-con-inner\">\n\t\t\t\t<div class=\"elementor-element elementor-element-207734b elementor-headline--style-highlight elementor-widget elementor-widget-animated-headline\" data-id=\"207734b\" data-element_type=\"widget\" data-e-type=\"widget\" data-settings=\"{&quot;marker&quot;:&quot;underline&quot;,&quot;highlighted_text&quot;:&quot;Repair Management de RAM&quot;,&quot;headline_style&quot;:&quot;highlight&quot;,&quot;highlight_animation_duration&quot;:1200}\" data-widget_type=\"animated-headline.default\">\n\t\t\t\t<div class=\"elementor-widget-container\">\n\t\t\t\t\t\t\t<h3 class=\"elementor-headline\">\n\t\t\t\t\t<span class=\"elementor-headline-plain-text elementor-headline-text-wrapper\">El \u00e1rea de <\/span>\n\t\t\t\t<span class=\"elementor-headline-dynamic-wrapper elementor-headline-text-wrapper\">\n\t\t\t\t\t<span class=\"elementor-headline-dynamic-text elementor-headline-text-active\">Repair Management de RAM<\/span>\n\t\t\t\t<\/span>\n\t\t\t\t\t<span class=\"elementor-headline-plain-text elementor-headline-text-wrapper\"> se destaca por ofrecer un conjunto integral de servicios dise\u00f1ados para optimizar las operaciones de sistemas y resolver los desaf\u00edos relacionados con la obsolescencia. Algunas de las soluciones que ofrece la divisi\u00f3n de Gesti\u00f3n de Reparaci\u00f3n incluyen:<\/span>\n\t\t\t\t\t<\/h3>\n\t\t\t\t\t\t<\/div>\n\t\t\t\t<\/div>\n\t\t\t\t\t<\/div>\n\t\t\t\t<\/div>\n\t\t\t\t\t<\/div>\n\t\t\t\t<\/div>\n\t\t<div class=\"has_eae_slider elementor-element elementor-element-51c65cb e-flex e-con-boxed e-con e-parent\" data-eae-slider=\"23736\" data-id=\"51c65cb\" data-element_type=\"container\" data-e-type=\"container\" data-settings=\"{&quot;background_background&quot;:&quot;classic&quot;}\">\n\t\t\t\t\t<div class=\"e-con-inner\">\n\t\t<div class=\"has_eae_slider elementor-element elementor-element-ea95d20 e-con-full e-flex e-con e-child\" data-eae-slider=\"34245\" data-id=\"ea95d20\" data-element_type=\"container\" data-e-type=\"container\">\n\t\t<div class=\"has_eae_slider elementor-element elementor-element-1d69074 e-con-full e-flex e-con e-child\" data-eae-slider=\"7675\" data-id=\"1d69074\" data-element_type=\"container\" data-e-type=\"container\">\n\t\t<div class=\"has_eae_slider elementor-element elementor-element-738bace e-con-full e-flex e-con e-child\" data-eae-slider=\"94763\" data-id=\"738bace\" data-element_type=\"container\" data-e-type=\"container\">\n\t\t<div class=\"has_eae_slider elementor-element elementor-element-63cf9ab e-con-full e-flex e-con e-child\" data-eae-slider=\"36213\" data-id=\"63cf9ab\" data-element_type=\"container\" data-e-type=\"container\">\n\t\t\t\t<div class=\"elementor-element elementor-element-4017b6c elementor-widget elementor-widget-text-editor\" data-id=\"4017b6c\" data-element_type=\"widget\" data-e-type=\"widget\" data-widget_type=\"text-editor.default\">\n\t\t\t\t<div class=\"elementor-widget-container\">\n\t\t\t\t\t\t\t\t\t<ol>\n<li>Warehouse en instalaciones del clientes, con componentes cr\u00edticos.<\/li>\n<li>Extension de Vida a componentes con problemas de obsolescencia.<\/li>\n<li>Stock de Componentes y Partes.<\/li>\n<li>Servicio AOG 24\/7.<\/li>\n<li>Inspeccion de Aeronaves.<\/li>\n<\/ol>\t\t\t\t\t\t\t\t<\/div>\n\t\t\t\t<\/div>\n\t\t\t\t<\/div>\n\t\t<div class=\"has_eae_slider elementor-element elementor-element-d965f51 e-flex e-con-boxed e-con e-child\" data-eae-slider=\"78518\" data-id=\"d965f51\" data-element_type=\"container\" data-e-type=\"container\">\n\t\t\t\t\t<div class=\"e-con-inner\">\n\t\t\t\t<div class=\"elementor-element elementor-element-540db8a elementor-widget elementor-widget-image\" data-id=\"540db8a\" data-element_type=\"widget\" data-e-type=\"widget\" data-widget_type=\"image.default\">\n\t\t\t\t<div class=\"elementor-widget-container\">\n\t\t\t\t\t\t\t\t\t\t\t\t\t\t\t<img loading=\"lazy\" decoding=\"async\" width=\"426\" height=\"450\" src=\"https:\/\/ramairt.com\/wp-content\/uploads\/2023\/10\/APAS-Ms09-e1697217516656.jpg\" class=\"attachment-large size-large wp-image-821\" alt=\"\" srcset=\"https:\/\/ramairt.com\/wp-content\/uploads\/2023\/10\/APAS-Ms09-e1697217516656.jpg 426w, https:\/\/ramairt.com\/wp-content\/uploads\/2023\/10\/APAS-Ms09-e1697217516656-284x300.jpg 284w\" sizes=\"auto, (max-width: 426px) 100vw, 426px\" \/>\t\t\t\t\t\t\t\t\t\t\t\t\t\t\t<\/div>\n\t\t\t\t<\/div>\n\t\t\t\t\t<\/div>\n\t\t\t\t<\/div>\n\t\t\t\t<\/div>\n\t\t\t\t<\/div>\n\t\t\t\t<\/div>\n\t\t\t\t\t<\/div>\n\t\t\t\t<\/div>\n\t\t<div class=\"has_eae_slider elementor-element elementor-element-e413f1c e-flex e-con-boxed e-con e-parent\" data-eae-slider=\"19480\" data-id=\"e413f1c\" data-element_type=\"container\" data-e-type=\"container\">\n\t\t\t\t\t<div class=\"e-con-inner\">\n\t\t\t\t<div class=\"elementor-element elementor-element-c382535 elementor-headline--style-highlight elementor-widget elementor-widget-animated-headline\" data-id=\"c382535\" data-element_type=\"widget\" data-e-type=\"widget\" data-settings=\"{&quot;marker&quot;:&quot;underline&quot;,&quot;highlighted_text&quot;:&quot;Repair Management.&quot;,&quot;headline_style&quot;:&quot;highlight&quot;,&quot;highlight_animation_duration&quot;:1200}\" data-widget_type=\"animated-headline.default\">\n\t\t\t\t<div class=\"elementor-widget-container\">\n\t\t\t\t\t\t\t<h3 class=\"elementor-headline\">\n\t\t\t\t\t<span class=\"elementor-headline-plain-text elementor-headline-text-wrapper\">Contactenos si tiene mas preguntas o necesita informacion sobre nuestros servicios de <\/span>\n\t\t\t\t<span class=\"elementor-headline-dynamic-wrapper elementor-headline-text-wrapper\">\n\t\t\t\t\t<span class=\"elementor-headline-dynamic-text elementor-headline-text-active\">Repair Management.<\/span>\n\t\t\t\t<\/span>\n\t\t\t\t<\/h3>\n\t\t\t\t\t\t<\/div>\n\t\t\t\t<\/div>\n\t\t\t\t\t<\/div>\n\t\t\t\t<\/div>\n\t\t\t\t<\/div>","protected":false},"excerpt":{"rendered":"<p>El \u00e1rea de Repair Management de RAM se destaca por ofrecer un conjunto integral de servicios dise\u00f1ados para optimizar las operaciones de sistemas y resolver los desaf\u00edos relacionados con la obsolescencia. Algunas de las soluciones que ofrece la divisi\u00f3n de Gesti\u00f3n de Reparaci\u00f3n incluyen: Warehouse en instalaciones del clientes, con componentes cr\u00edticos. Extension de Vida &#8230; <a title=\"reparaciones\" class=\"read-more\" href=\"https:\/\/ramairt.com\/en\/reparaciones\/\" aria-label=\"Read more about reparaciones\">Read more<\/a><\/p>","protected":false},"author":1,"featured_media":0,"parent":0,"menu_order":0,"comment_status":"closed","ping_status":"closed","template":"elementor_header_footer","meta":{"footnotes":""},"class_list":["post-810","page","type-page","status-publish"],"_links":{"self":[{"href":"https:\/\/ramairt.com\/en\/wp-json\/wp\/v2\/pages\/810","targetHints":{"allow":["GET"]}}],"collection":[{"href":"https:\/\/ramairt.com\/en\/wp-json\/wp\/v2\/pages"}],"about":[{"href":"https:\/\/ramairt.com\/en\/wp-json\/wp\/v2\/types\/page"}],"author":[{"embeddable":true,"href":"https:\/\/ramairt.com\/en\/wp-json\/wp\/v2\/users\/1"}],"replies":[{"embeddable":true,"href":"https:\/\/ramairt.com\/en\/wp-json\/wp\/v2\/comments?post=810"}],"version-history":[{"count":22,"href":"https:\/\/ramairt.com\/en\/wp-json\/wp\/v2\/pages\/810\/revisions"}],"predecessor-version":[{"id":1084,"href":"https:\/\/ramairt.com\/en\/wp-json\/wp\/v2\/pages\/810\/revisions\/1084"}],"wp:attachment":[{"href":"https:\/\/ramairt.com\/en\/wp-json\/wp\/v2\/media?parent=810"}],"curies":[{"name":"wp","href":"https:\/\/api.w.org\/{rel}","templated":true}]}}